{"id":383,"date":"2021-01-22T08:31:51","date_gmt":"2021-01-22T05:31:51","guid":{"rendered":"http:\/\/axilthemes.com\/themes\/blogar\/?page_id=383"},"modified":"2021-05-02T12:36:51","modified_gmt":"2021-05-02T09:36:51","slug":"iletisim","status":"publish","type":"page","link":"https:\/\/www.vozgo.com\/blog\/iletisim\/","title":{"rendered":"\u0130leti\u015fim"},"content":{"rendered":"\t\t<div data-elementor-type=\"wp-page\" data-elementor-id=\"383\" class=\"elementor elementor-383\" data-elementor-settings=\"[]\">\n\t\t\t\t\t\t\t<div class=\"elementor-section-wrap\">\n\t\t\t\t\t\t\t<section class=\"elementor-section elementor-top-section elementor-element elementor-element-6cc26c1 axil-post-list-area axil-section-gap bg-color-white elementor-section-boxed elementor-section-height-default elementor-section-height-default\" data-id=\"6cc26c1\" data-element_type=\"section\">\n\t\t\t\t\t\t<div class=\"elementor-container elementor-column-gap-extended\">\n\t\t\t\t\t<div class=\"elementor-column elementor-col-66 elementor-top-column elementor-element elementor-element-a4844c9\" data-id=\"a4844c9\" data-element_type=\"column\">\n\t\t\t<div class=\"elementor-widget-wrap elementor-element-populated\">\n\t\t\t\t\t\t\t\t<div class=\"elementor-element elementor-element-f89163f elementor-widget elementor-widget-text-editor\" data-id=\"f89163f\" data-element_type=\"widget\" data-widget_type=\"text-editor.default\">\n\t\t\t\t<div class=\"elementor-widget-container\">\n\t\t\t\t\t\t\t\t<h2>\u0130leti\u015fim<\/h2>\n<p>VOZGO Blog i\u00e7erikleri edit\u00f6rlerimiz taraf\u0131ndan haz\u0131rlan\u0131l\u0131r. Yenilik\u00e7i teknolojileri, yaz\u0131l\u0131msal geli\u015ftirmeleri, trend teknoloji haberlerini, pazarlama stratejilerini sizlere g\u00fcvenli ve h\u0131zl\u0131 \u015fekilde duyurma amac\u0131yla haz\u0131rlanm\u0131\u015ft\u0131r. Bu s\u00fcre\u00e7te yorumlar\u0131n\u0131z, \u00f6neri ve g\u00f6r\u00fc\u015fleriniz bizim i\u00e7in \u00e7ok de\u011ferlidir.&nbsp;<\/p>\n<p>Proje teklifleri ve i\u015f ortakl\u0131klar\u0131 i\u00e7in&nbsp;<a href=\"https:\/\/www.vozgo.com\/contact.php\" target=\"_blank\" rel=\"noopener\">buraya t\u0131klaman\u0131z\u0131<\/a>&nbsp;rica ederiz.&nbsp;<\/p>\n<p><span style=\"font-family: var(--font-primary); font-size: var(--font-size-b1); font-weight: var(--p-regular); color: var(--color-primary);\">VOZGO Bili\u015fim Hizmetleri A.\u015e.<\/span><span style=\"font-family: var(--font-primary); font-size: var(--font-size-b1); font-weight: var(--p-regular); color: var(--color-primary);\"><br>Telefon:&nbsp;<\/span><a style=\"background-color: #ffffff; font-family: var(--font-primary); font-size: var(--font-size-b1); font-weight: var(--p-regular);\" href=\"http:\/\/axilthemes.com\/demo\/template\/blogar\/contact.html#\">0<\/a>216 606 0404<br><span style=\"font-size: var(--font-size-b1); font-weight: var(--p-regular); font-family: var(--font-primary); color: var(--color-primary);\">Mail:&nbsp;<\/span><a href=\"http:\/\/axilthemes.com\/demo\/template\/blogar\/contact.html#\" style=\"font-size: var(--font-size-b1); font-weight: var(--p-regular); font-family: var(--font-primary); background-color: rgb(255, 255, 255);\">info@vozgo.com<\/a><br><span style=\"font-size: var(--font-size-b1); font-weight: var(--p-regular); font-family: var(--font-primary); color: var(--color-primary);\">Adres:&nbsp;<\/span><a href=\"http:\/\/axilthemes.com\/demo\/template\/blogar\/contact.html#\" style=\"font-size: var(--font-size-b1); font-weight: var(--p-regular); font-family: var(--font-primary); background-color: rgb(255, 255, 255);\">1<\/a><span style=\"color: var(--color-body); font-size: var(--font-size-b1); font-weight: var(--p-regular); font-family: var(--font-primary);\">9 May\u0131s Mah. Turabo\u011flu Sk. Hamdiye Yazgan \u0130\u015f Merkezi Blok: 4\/2 Kad\u0131k\u00f6y\/\u0130STANBUL<\/span><\/p>\t\t\t\t\t\t<\/div>\n\t\t\t\t<\/div>\n\t\t\t\t<div class=\"elementor-element elementor-element-018d15e axil-section-gapTop elementor-widget elementor-widget-text-editor\" data-id=\"018d15e\" data-element_type=\"widget\" data-widget_type=\"text-editor.default\">\n\t\t\t\t<div class=\"elementor-widget-container\">\n\t\t\t\t\t\t\t\t<h4 class=\"title mb--10\"><span style=\"color: var(--color-body); font-family: var(--font-primary);\">Bize Mesaj G\u00f6nderin<\/span><\/h4>\t\t\t\t\t\t<\/div>\n\t\t\t\t<\/div>\n\t\t\t\t<div class=\"elementor-element elementor-element-125e7c6 elementor-widget elementor-widget-blogar-contact-form\" data-id=\"125e7c6\" data-element_type=\"widget\" data-widget_type=\"blogar-contact-form.default\">\n\t\t\t\t<div class=\"elementor-widget-container\">\n\t\t\t        <div class=\"axil-contact-form-area\">\r\n            <!-- Start Contact Form -->\r\n             <div class=\"axil-contact-form contact-form--1\"> <div role=\"form\" class=\"wpcf7\" id=\"wpcf7-f409-o1\" lang=\"en-US\" dir=\"ltr\">\n<div class=\"screen-reader-response\"><p role=\"status\" aria-live=\"polite\" aria-atomic=\"true\"><\/p> <ul><\/ul><\/div>\n<form action=\"\/blog\/wp-json\/wp\/v2\/pages\/383#wpcf7-f409-o1\" method=\"post\" class=\"wpcf7-form init\" novalidate=\"novalidate\" data-status=\"init\">\n<div style=\"display: none;\">\n<input type=\"hidden\" name=\"_wpcf7\" value=\"409\" \/>\n<input type=\"hidden\" name=\"_wpcf7_version\" value=\"5.4.1\" \/>\n<input type=\"hidden\" name=\"_wpcf7_locale\" value=\"en_US\" \/>\n<input type=\"hidden\" name=\"_wpcf7_unit_tag\" value=\"wpcf7-f409-o1\" \/>\n<input type=\"hidden\" name=\"_wpcf7_container_post\" value=\"0\" \/>\n<input type=\"hidden\" name=\"_wpcf7_posted_data_hash\" value=\"\" \/>\n<\/div>\n<div class=\"axil-contact-form contact-form--1 row\">\n    <div class=\"col-lg-4 col-md-4 col-12\">\n        <div class=\"form-group\">\n            <label for=\"your-name\">Ad\u0131n\u0131z<\/label>\n         <span class=\"wpcf7-form-control-wrap your-name\"><input type=\"text\" name=\"your-name\" value=\"\" size=\"40\" class=\"wpcf7-form-control wpcf7-text wpcf7-validates-as-required\" id=\"your-name\" aria-required=\"true\" aria-invalid=\"false\" \/><\/span>\n        <\/div>\n    <\/div>\n    <div class=\"col-lg-4 col-md-4 col-12\">\n        <div class=\"form-group\">\n            <label for=\"phone\">Telefon No<\/label>\n            <span class=\"wpcf7-form-control-wrap phone\"><input type=\"tel\" name=\"phone\" value=\"\" size=\"40\" class=\"wpcf7-form-control wpcf7-text wpcf7-tel wpcf7-validates-as-tel\" id=\"phone\" aria-invalid=\"false\" \/><\/span>\n        <\/div>\n    <\/div>\n    <div class=\"col-lg-4 col-md-4 col-12\">\n        <div class=\"form-group\">\n            <label for=\"your-email\">Mail Adresiniz<\/label>\n            <span class=\"wpcf7-form-control-wrap your-email\"><input type=\"email\" name=\"your-email\" value=\"\" size=\"40\" class=\"wpcf7-form-control wpcf7-text wpcf7-email wpcf7-validates-as-required wpcf7-validates-as-email\" id=\"your-email\" aria-required=\"true\" aria-invalid=\"false\" \/><\/span>\n        <\/div>\n    <\/div>\n    <div class=\"col-12\">\n        <div class=\"form-group\">\n            <label for=\"your-message\">Mesaj\u0131n\u0131z<\/label>\n            <span class=\"wpcf7-form-control-wrap your-message\"><textarea name=\"your-message\" cols=\"10\" rows=\"3\" class=\"wpcf7-form-control wpcf7-textarea\" id=\"your-message\" aria-invalid=\"false\"><\/textarea><\/span>\n        <\/div>\n    <\/div>\n    <div class=\"col-12\">\n        <div class=\"form-submit\">\n <input type=\"submit\" value=\"G\u00f6nder\" class=\"wpcf7-form-control wpcf7-submit axil-button button-rounded btn-primary\" id=\"submit\" \/>\n        <\/div>\n    <\/div>\n<\/div><div class=\"wpcf7-response-output\" aria-hidden=\"true\"><\/div><\/form><\/div> <\/div>         <\/div>\r\n\r\n        \t\t<\/div>\n\t\t\t\t<\/div>\n\t\t\t\t\t<\/div>\n\t\t<\/div>\n\t\t\t\t<div class=\"elementor-column elementor-col-33 elementor-top-column elementor-element elementor-element-a5eb44d\" data-id=\"a5eb44d\" data-element_type=\"column\">\n\t\t\t<div class=\"elementor-widget-wrap elementor-element-populated\">\n\t\t\t\t\t\t\t\t<div class=\"elementor-element elementor-element-7bdba44 elementor-widget elementor-widget-sidebar\" data-id=\"7bdba44\" data-element_type=\"widget\" data-widget_type=\"sidebar.default\">\n\t\t\t\t<div class=\"elementor-widget-container\">\n\t\t\t<div class=\"blogar_categories-2 widget-sidebar widget widget_blogar_categories widgets-sidebar\">                        <!-- Start Single Widget  -->\r\n                        <\/ul>\r\n             <!-- End Single Widget  -->\r\n                        <\/div>\r\n            <div class=\"search-4 widget-sidebar widget widget_search widgets-sidebar\"><div class=\"widget-title\"><h3>Search<\/h3><\/div><div class=\"inner\">\r\n    <form  id=\"search-1\"  action=\"https:\/\/www.vozgo.com\/blog\/\" method=\"GET\" class=\"blog-search\">\r\n        <div class=\"axil-search form-group\">\r\n            <button type=\"submit\" class=\"search-button\"><i class=\"fal fa-search\"><\/i><\/button>\r\n            <input type=\"text\"  name=\"s\"  placeholder=\"Search ...\" value=\"\"\/>\r\n        <\/div>\r\n    <\/form>\r\n<\/div><\/div><div class=\"blogar_recent_post-2 widget-sidebar widget widget_blogar_recent_post widgets-sidebar\"><div class=\"widget-title\"><h3>Recent on Blogar<\/h3><\/div>                    <div class=\"content-block post-medium mb--20\">\r\n                                                <div class=\"post-content\">\r\n                            <h6 class=\"title\"><a href=\"https:\/\/www.vozgo.com\/blog\/2021\/09\/07\/e-ticaret-nedir-nasil-yapilir\/\">E-T\u0130CARET NED\u0130R NASIL YAPILIR?<\/a><\/h6>\r\n                                                            <div class=\"post-meta\">\r\n                                    <ul class=\"post-meta-list\">\r\n                                                                                    <li>7 Eyl\u00fcl 2021<\/li>\r\n                                                                                                                                <li>7 min read<\/li>\r\n                                                                                                                        <\/ul>\r\n                                <\/div>\r\n                                                    <\/div>\r\n                    <\/div>\r\n                                    <div class=\"content-block post-medium mb--20\">\r\n                                                    <div class=\"post-thumbnail\">\r\n                                <a href=\"https:\/\/www.vozgo.com\/blog\/2021\/01\/24\/ipados-14-introduces-new-designed-specifically-for-ipad-2\/\"><img loading=\"lazy\" decoding=\"async\" width=\"150\" height=\"150\" src=\"https:\/\/www.vozgo.com\/blog\/wp-content\/uploads\/2021\/01\/gallery-post-03-150x150.jpg\" class=\"attachment-thumbnail size-thumbnail wp-post-image\" alt=\"gallery-post-03\" srcset=\"https:\/\/www.vozgo.com\/blog\/wp-content\/uploads\/2021\/01\/gallery-post-03-150x150.jpg 150w, https:\/\/www.vozgo.com\/blog\/wp-content\/uploads\/2021\/01\/gallery-post-03-300x300.jpg 300w, https:\/\/www.vozgo.com\/blog\/wp-content\/uploads\/2021\/01\/gallery-post-03-100x100.jpg 100w\" sizes=\"auto, (max-width: 150px) 100vw, 150px\" \/><\/a>\r\n                            <\/div>\r\n                                                <div class=\"post-content\">\r\n                            <h6 class=\"title\"><a href=\"https:\/\/www.vozgo.com\/blog\/2021\/01\/24\/ipados-14-introduces-new-designed-specifically-for-ipad-2\/\">iPadOS 14 introduces new designed specifically for <\/a><\/h6>\r\n                                                            <div class=\"post-meta\">\r\n                                    <ul class=\"post-meta-list\">\r\n                                                                                    <li>24 Ocak 2021<\/li>\r\n                                                                                                                                <li>4 min read<\/li>\r\n                                                                                                                        <\/ul>\r\n                                <\/div>\r\n                                                    <\/div>\r\n                    <\/div>\r\n                                    <div class=\"content-block post-medium mb--20\">\r\n                                                    <div class=\"post-thumbnail\">\r\n                                <a href=\"https:\/\/www.vozgo.com\/blog\/2021\/01\/24\/4-types-of-research-methods-all-designers-should-know-2\/\"><img loading=\"lazy\" decoding=\"async\" width=\"150\" height=\"150\" src=\"https:\/\/www.vozgo.com\/blog\/wp-content\/uploads\/2021\/01\/demo_image-41-150x150.jpg\" class=\"attachment-thumbnail size-thumbnail wp-post-image\" alt=\"demo_image-41\" srcset=\"https:\/\/www.vozgo.com\/blog\/wp-content\/uploads\/2021\/01\/demo_image-41-150x150.jpg 150w, https:\/\/www.vozgo.com\/blog\/wp-content\/uploads\/2021\/01\/demo_image-41-300x300.jpg 300w, https:\/\/www.vozgo.com\/blog\/wp-content\/uploads\/2021\/01\/demo_image-41-100x100.jpg 100w\" sizes=\"auto, (max-width: 150px) 100vw, 150px\" \/><\/a>\r\n                            <\/div>\r\n                                                <div class=\"post-content\">\r\n                            <h6 class=\"title\"><a href=\"https:\/\/www.vozgo.com\/blog\/2021\/01\/24\/4-types-of-research-methods-all-designers-should-know-2\/\">4 types of research methods all designers <\/a><\/h6>\r\n                                                            <div class=\"post-meta\">\r\n                                    <ul class=\"post-meta-list\">\r\n                                                                                    <li>24 Ocak 2021<\/li>\r\n                                                                                                                                <li>4 min read<\/li>\r\n                                                                                                                        <\/ul>\r\n                                <\/div>\r\n                                                    <\/div>\r\n                    <\/div>\r\n                            <\/div>            \r\n            <div class=\"blobar_social_widget-2 widget-sidebar widget blobar_social_widget widgets-sidebar\"><div class=\"widget-title\"><h3>Stay In Touch<\/h3><\/div>            <ul class=\"social-icon md-size justify-content-center\">\r\n                                    <li>\r\n                        <a href=\"#\">\r\n                            <i class=\"fab fa-facebook-f\"><\/i>\r\n                        <\/a>\r\n                    <\/li>\r\n                                                    <li>\r\n                        <a href=\"#\">\r\n                            <i class=\"fab fa-twitter\"><\/i>\r\n                        <\/a>\r\n                    <\/li>\r\n                                                    <li>\r\n                        <a href=\"#\">\r\n                            <i class=\"fab fa-instagram\"><\/i>\r\n                        <\/a>\r\n                    <\/li>\r\n                                                    <li>\r\n                        <a href=\"#\">\r\n                            <i class=\"fab fa-pinterest\"><\/i>\r\n                        <\/a>\r\n                    <\/li>\r\n                                                    <li>\r\n                        <a href=\"#\">\r\n                            <i class=\"fab fa-linkedin-in\"><\/i>\r\n                        <\/a>\r\n                    <\/li>\r\n                                            <\/ul>\r\n        <\/div><div class=\"media_gallery-2 widget-sidebar widget widget_media_gallery widgets-sidebar\"><div class=\"widget-title\"><h3>Gallery<\/h3><\/div><div id='gallery-1' class='gallery galleryid-659 gallery-columns-3 gallery-size-thumbnail'><figure class='gallery-item'>\n\t\t\t<div class='gallery-icon landscape'>\n\t\t\t\t<img loading=\"lazy\" decoding=\"async\" width=\"150\" height=\"150\" src=\"https:\/\/www.vozgo.com\/blog\/wp-content\/uploads\/2021\/01\/demo_image-26-150x150.jpg\" class=\"attachment-thumbnail size-thumbnail\" alt=\"demo_image-26\" srcset=\"https:\/\/www.vozgo.com\/blog\/wp-content\/uploads\/2021\/01\/demo_image-26-150x150.jpg 150w, https:\/\/www.vozgo.com\/blog\/wp-content\/uploads\/2021\/01\/demo_image-26-300x300.jpg 300w, https:\/\/www.vozgo.com\/blog\/wp-content\/uploads\/2021\/01\/demo_image-26-100x100.jpg 100w\" sizes=\"auto, (max-width: 150px) 100vw, 150px\" \/>\n\t\t\t<\/div><\/figure><figure class='gallery-item'>\n\t\t\t<div class='gallery-icon landscape'>\n\t\t\t\t<img loading=\"lazy\" decoding=\"async\" width=\"150\" height=\"150\" src=\"https:\/\/www.vozgo.com\/blog\/wp-content\/uploads\/2021\/01\/post-column-01-13-150x150.jpg\" class=\"attachment-thumbnail size-thumbnail\" alt=\"post-column-01-13\" srcset=\"https:\/\/www.vozgo.com\/blog\/wp-content\/uploads\/2021\/01\/post-column-01-13-150x150.jpg 150w, https:\/\/www.vozgo.com\/blog\/wp-content\/uploads\/2021\/01\/post-column-01-13-300x300.jpg 300w, https:\/\/www.vozgo.com\/blog\/wp-content\/uploads\/2021\/01\/post-column-01-13-100x100.jpg 100w, https:\/\/www.vozgo.com\/blog\/wp-content\/uploads\/2021\/01\/post-column-01-13-600x600.jpg 600w, https:\/\/www.vozgo.com\/blog\/wp-content\/uploads\/2021\/01\/post-column-01-13-1024x1024.jpg 1024w, https:\/\/www.vozgo.com\/blog\/wp-content\/uploads\/2021\/01\/post-column-01-13-768x768.jpg 768w, https:\/\/www.vozgo.com\/blog\/wp-content\/uploads\/2021\/01\/post-column-01-13-1536x1536.jpg 1536w, https:\/\/www.vozgo.com\/blog\/wp-content\/uploads\/2021\/01\/post-column-01-13.jpg 1920w\" sizes=\"auto, (max-width: 150px) 100vw, 150px\" \/>\n\t\t\t<\/div><\/figure><figure class='gallery-item'>\n\t\t\t<div class='gallery-icon landscape'>\n\t\t\t\t<img loading=\"lazy\" decoding=\"async\" width=\"150\" height=\"150\" src=\"https:\/\/www.vozgo.com\/blog\/wp-content\/uploads\/2021\/01\/demo_image-6-150x150.jpg\" class=\"attachment-thumbnail size-thumbnail\" alt=\"demo_image-6\" srcset=\"https:\/\/www.vozgo.com\/blog\/wp-content\/uploads\/2021\/01\/demo_image-6-150x150.jpg 150w, https:\/\/www.vozgo.com\/blog\/wp-content\/uploads\/2021\/01\/demo_image-6-300x300.jpg 300w, https:\/\/www.vozgo.com\/blog\/wp-content\/uploads\/2021\/01\/demo_image-6-100x100.jpg 100w\" sizes=\"auto, (max-width: 150px) 100vw, 150px\" \/>\n\t\t\t<\/div><\/figure><figure class='gallery-item'>\n\t\t\t<div class='gallery-icon landscape'>\n\t\t\t\t<img loading=\"lazy\" decoding=\"async\" width=\"150\" height=\"150\" src=\"https:\/\/www.vozgo.com\/blog\/wp-content\/uploads\/2021\/01\/demo_image-38-1-150x150.jpg\" class=\"attachment-thumbnail size-thumbnail\" alt=\"demo_image-38\" srcset=\"https:\/\/www.vozgo.com\/blog\/wp-content\/uploads\/2021\/01\/demo_image-38-1-150x150.jpg 150w, https:\/\/www.vozgo.com\/blog\/wp-content\/uploads\/2021\/01\/demo_image-38-1-300x300.jpg 300w, https:\/\/www.vozgo.com\/blog\/wp-content\/uploads\/2021\/01\/demo_image-38-1-100x100.jpg 100w\" sizes=\"auto, (max-width: 150px) 100vw, 150px\" \/>\n\t\t\t<\/div><\/figure><figure class='gallery-item'>\n\t\t\t<div class='gallery-icon landscape'>\n\t\t\t\t<img loading=\"lazy\" decoding=\"async\" width=\"150\" height=\"150\" src=\"https:\/\/www.vozgo.com\/blog\/wp-content\/uploads\/2021\/01\/post-column-01-4-150x150.jpg\" class=\"attachment-thumbnail size-thumbnail\" alt=\"post-column-01-4\" srcset=\"https:\/\/www.vozgo.com\/blog\/wp-content\/uploads\/2021\/01\/post-column-01-4-150x150.jpg 150w, https:\/\/www.vozgo.com\/blog\/wp-content\/uploads\/2021\/01\/post-column-01-4-300x300.jpg 300w, https:\/\/www.vozgo.com\/blog\/wp-content\/uploads\/2021\/01\/post-column-01-4-100x100.jpg 100w\" sizes=\"auto, (max-width: 150px) 100vw, 150px\" \/>\n\t\t\t<\/div><\/figure><figure class='gallery-item'>\n\t\t\t<div class='gallery-icon landscape'>\n\t\t\t\t<img loading=\"lazy\" decoding=\"async\" width=\"150\" height=\"150\" src=\"https:\/\/www.vozgo.com\/blog\/wp-content\/uploads\/2021\/01\/post-column-01-6-150x150.jpg\" class=\"attachment-thumbnail size-thumbnail\" alt=\"post-column-01-6\" srcset=\"https:\/\/www.vozgo.com\/blog\/wp-content\/uploads\/2021\/01\/post-column-01-6-150x150.jpg 150w, https:\/\/www.vozgo.com\/blog\/wp-content\/uploads\/2021\/01\/post-column-01-6-300x300.jpg 300w, https:\/\/www.vozgo.com\/blog\/wp-content\/uploads\/2021\/01\/post-column-01-6-100x100.jpg 100w\" sizes=\"auto, (max-width: 150px) 100vw, 150px\" \/>\n\t\t\t<\/div><\/figure>\n\t\t<\/div>\n<\/div>\t\t<\/div>\n\t\t\t\t<\/div>\n\t\t\t\t\t<\/div>\n\t\t<\/div>\n\t\t\t\t\t\t\t<\/div>\n\t\t<\/section>\n\t\t\t\t\t\t<\/div>\n\t\t\t\t\t<\/div>\n\t\t","protected":false},"excerpt":{"rendered":"<p>\u0130leti\u015fim VOZGO Blog i\u00e7erikleri edit\u00f6rlerimiz taraf\u0131ndan haz\u0131rlan\u0131l\u0131r. Yenilik\u00e7i teknolojileri, yaz\u0131l\u0131msal geli\u015ftirmeleri, trend teknoloji haberlerini, pazarlama stratejilerini sizlere g\u00fcvenli ve h\u0131zl\u0131 \u015fekilde duyurma amac\u0131yla haz\u0131rlanm\u0131\u015ft\u0131r. Bu s\u00fcre\u00e7te yorumlar\u0131n\u0131z, \u00f6neri ve g\u00f6r\u00fc\u015fleriniz bizim i\u00e7in \u00e7ok de\u011ferlidir.&nbsp; Proje teklifleri ve i\u015f ortakl\u0131klar\u0131 i\u00e7in&nbsp;buraya t\u0131klaman\u0131z\u0131&nbsp;rica ederiz.&nbsp; VOZGO Bili\u015fim Hizmetleri A.\u015e.Telefon:&nbsp;0216 606 0404Mail:&nbsp;info@vozgo.comAdres:&nbsp;19 May\u0131s Mah. Turabo\u011flu Sk. Hamdiye Yazgan \u0130\u015f [&hellip;]<\/p>\n","protected":false},"author":1,"featured_media":386,"parent":0,"menu_order":0,"comment_status":"closed","ping_status":"closed","template":"elementor_header_footer","meta":{"footnotes":""},"class_list":["post-383","page","type-page","status-publish","has-post-thumbnail","hentry"],"_links":{"self":[{"href":"https:\/\/www.vozgo.com\/blog\/wp-json\/wp\/v2\/pages\/383","targetHints":{"allow":["GET"]}}],"collection":[{"href":"https:\/\/www.vozgo.com\/blog\/wp-json\/wp\/v2\/pages"}],"about":[{"href":"https:\/\/www.vozgo.com\/blog\/wp-json\/wp\/v2\/types\/page"}],"author":[{"embeddable":true,"href":"https:\/\/www.vozgo.com\/blog\/wp-json\/wp\/v2\/users\/1"}],"replies":[{"embeddable":true,"href":"https:\/\/www.vozgo.com\/blog\/wp-json\/wp\/v2\/comments?post=383"}],"version-history":[{"count":14,"href":"https:\/\/www.vozgo.com\/blog\/wp-json\/wp\/v2\/pages\/383\/revisions"}],"predecessor-version":[{"id":1157,"href":"https:\/\/www.vozgo.com\/blog\/wp-json\/wp\/v2\/pages\/383\/revisions\/1157"}],"wp:featuredmedia":[{"embeddable":true,"href":"https:\/\/www.vozgo.com\/blog\/wp-json\/wp\/v2\/media\/386"}],"wp:attachment":[{"href":"https:\/\/www.vozgo.com\/blog\/wp-json\/wp\/v2\/media?parent=383"}],"curies":[{"name":"wp","href":"https:\/\/api.w.org\/{rel}","templated":true}]}}