{"id":401,"date":"2021-01-22T08:42:21","date_gmt":"2021-01-22T08:42:21","guid":{"rendered":"http:\/\/axilthemes.com\/themes\/blogar\/about-us-copy\/"},"modified":"2021-05-02T14:46:11","modified_gmt":"2021-05-02T11:46:11","slug":"hakkimizda","status":"publish","type":"page","link":"https:\/\/www.vozgo.com\/blog\/hakkimizda\/","title":{"rendered":"Hakk\u0131m\u0131zda"},"content":{"rendered":"\t\t<div data-elementor-type=\"wp-page\" data-elementor-id=\"401\" class=\"elementor elementor-401\" data-elementor-settings=\"[]\">\n\t\t\t\t\t\t\t<div class=\"elementor-section-wrap\">\n\t\t\t\t\t\t\t<section class=\"elementor-section elementor-top-section elementor-element elementor-element-6cc26c1 axil-post-list-area axil-section-gap bg-color-white elementor-section-boxed elementor-section-height-default elementor-section-height-default\" data-id=\"6cc26c1\" data-element_type=\"section\">\n\t\t\t\t\t\t<div class=\"elementor-container elementor-column-gap-extended\">\n\t\t\t\t\t<div class=\"elementor-column elementor-col-66 elementor-top-column elementor-element elementor-element-a4844c9\" data-id=\"a4844c9\" data-element_type=\"column\">\n\t\t\t<div class=\"elementor-widget-wrap elementor-element-populated\">\n\t\t\t\t\t\t\t\t<div class=\"elementor-element elementor-element-f89163f elementor-widget elementor-widget-text-editor\" data-id=\"f89163f\" data-element_type=\"widget\" data-widget_type=\"text-editor.default\">\n\t\t\t\t<div class=\"elementor-widget-container\">\n\t\t\t\t\t\t\t\t<h3><span style=\"color: var(--color-body); font-family: var(--font-primary);\">Tasar\u0131m, Yaz\u0131l\u0131m ve Dijital Pazarlama<\/span><\/h3><h3><span style=\"color: var(--color-heading); font-family: var(--secondary-font); font-size: 18px; font-weight: 400;\">VOZGO Bili\u015fim Hizmetleri A.\u015e. olarak bir kurulu\u015fun dijitale d\u00f6n\u00fc\u015f\u00fcm a\u015famas\u0131nda ihtiyac\u0131 olan t\u00fcm hizmet gruplar\u0131n\u0131 tek elden sunmay\u0131 ama\u00e7l\u0131yoruz. Alan\u0131nda deneyimli ve dinamik ekibimiz ile sizlerin talepleri i\u00e7in hizmet sunuyor ve firman\u0131z\u0131n dijital gereksinimlerini \u00e7\u00f6z\u00fcm odakl\u0131 ve d\u00fc\u015f\u00fck maliyetli \u015fekilde kar\u015f\u0131l\u0131yoruz.\u00a0\u00a0<\/span><\/h3><div><p><span style=\"color: var(--color-heading); font-family: var(--secondary-font); font-size: 18px; font-weight: 400;\">VOZGO, ba\u015fl\u0131ca \u015fu hizmetleri vermektedir.<\/span><br \/><a title=\"Tasar\u0131m\" href=\"https:\/\/www.vozgo.com\/blog\/category\/tasarim\/\" target=\"_blank\" rel=\"noopener\"><b>Tasar\u0131m<\/b><\/a>; Kurumsal kimlik tasar\u0131m\u0131, logo tasar\u0131m\u0131, dergi tasar\u0131m\u0131, web sitesi aray\u00fcz tasar\u0131m\u0131, uygulama aray\u00fcz tasar\u0131m\u0131 vb.<br \/><a href=\"https:\/\/www.vozgo.com\/blog\/category\/yazilim\/\"><b>Yaz\u0131l\u0131m<\/b><\/a>;\u00a0 Kurumsal internet sitesi, eticaret sitesi, marketplace yaz\u0131l\u0131m\u0131, crm ve erp yaz\u0131l\u0131mlar\u0131, \u00e7a\u011fr\u0131 merkezi \u00e7\u00f6z\u00fcmleri vb.<br \/><a href=\"https:\/\/www.vozgo.com\/blog\/category\/yazilim\/mobil-uygulamalar\/\"><b>Mobil Yaz\u0131l\u0131m<\/b><\/a>; Her t\u00fcrden mobil uygulama ve aplikasyon haz\u0131rlanmas\u0131 ve Google Play Store ve Apple AppStore&#8217;da payla\u015f\u0131lmas\u0131<br \/><a href=\"https:\/\/www.vozgo.com\/blog\/category\/dijital-pazarlama\/\"><b>Dijital Pazarlama<\/b><\/a>; Marka olu\u015fturma ve marka geli\u015ftirme, Google Ads y\u00f6netimi, Bing ve Yandex reklam y\u00f6netimi, pazarlama stratejisi belirleme, arama motoru optimizasyonu(seo) vb.<\/p><\/div><p><span style=\"color: var(--color-heading); font-family: var(--secondary-font); font-size: var(--h3); font-weight: var(--s-bold);\">Her G\u00fcn Geni\u015fleyen Hizmet Alanlar\u0131<br \/><\/span><span style=\"color: var(--color-body); font-size: var(--font-size-b1); font-weight: var(--p-regular); font-family: var(--font-primary);\"><br \/>Alan\u0131nda deneyimli ekibimizi dijitale d\u00f6n\u00fc\u015f\u00fcm a\u015famalar\u0131n\u0131n geli\u015fmesi ile her ge\u00e7en g\u00fcn geni\u015fletiyoruz. Bu s\u00fcre\u00e7te u\u00e7tan uca dijital \u00e7\u00f6z\u00fcmler i\u00e7in durmaks\u0131z\u0131n devam ediyor olaca\u011f\u0131z.<br \/><\/span><span style=\"color: var(--color-heading); font-family: var(--secondary-font); font-weight: var(--s-bold); font-size: var(--h3);\"><br \/>Alan\u0131nda Deneyimli Ekip<br \/><\/span><span style=\"color: var(--color-body); font-family: var(--font-primary);\"><br \/><span style=\"font-weight: var(--p-regular);\">Mutlu personel, mutlu m\u00fc\u015fteri demektir ve bu durum haz\u0131rlanan projeleri ba\u015far\u0131l\u0131 k\u0131lar. VOZGO olarak ekibimizi olu\u015ftururken m\u00fc\u015fteri taleplerini analiz edebilen ve bu taleplere istinaden sonu\u00e7 odakl\u0131 \u00e7al\u0131\u015fabilecek tak\u0131m arkada\u015flar\u0131 se\u00e7tik. Bu durum bizlere ba\u015far\u0131l\u0131 \u00e7\u00f6z\u00fcmler getirmekle birlikte %100 m\u00fc\u015fteri memnuniyeti sa\u011flad\u0131. Aktif hizmet veren projelerimizin yan\u0131nda pasif edilmi\u015f projelerin sahibi olan m\u00fc\u015fterilerimiz ile halen g\u00f6r\u00fc\u015fmelerimiz ve y\u00f6nlendirmelerimiz devam ediyor. VOZGO her zaman daha iyisi i\u00e7in \u00e7al\u0131\u015f\u0131yor.<br \/><\/span><\/span><b style=\"font-size: 30px; color: var(--color-body); font-family: var(--font-primary);\"><br \/>Bizimle \u0130leti\u015fime Ge\u00e7erek,<br \/>Benzersiz \u00c7\u00f6z\u00fcmlerimizi Test Edebilirsiniz.<\/b><\/p><p><span style=\"color: var(--color-body); font-size: var(--font-size-b1); font-weight: var(--p-regular); font-family: var(--font-primary);\">Yeni veya mevcut projeler i\u00e7in sundu\u011fumuz hizmet gruplar\u0131m\u0131z sonu\u00e7 odakl\u0131 ve mutlu m\u00fc\u015fteri kriterlerine ba\u011fl\u0131 kalan ekibimiz ile giderek b\u00fcy\u00fcyor. \u015eirketiniz veya projenizde sizlere destek olacak deneyimli ve dinamik bir ekip aray\u0131\u015f\u0131n\u0131z varsa\u00a0<\/span><a href=\"https:\/\/www.vozgo.com\/contact.php\" target=\"_blank\" rel=\"noopener\">buraya t\u0131klayarak<\/a><span style=\"color: var(--color-body); font-size: var(--font-size-b1); font-weight: var(--p-regular); font-family: var(--font-primary);\">\u00a0bize ula\u015f\u0131n.<\/span><\/p>\t\t\t\t\t\t<\/div>\n\t\t\t\t<\/div>\n\t\t\t\t\t<\/div>\n\t\t<\/div>\n\t\t\t\t<div class=\"elementor-column elementor-col-33 elementor-top-column elementor-element elementor-element-a5eb44d\" data-id=\"a5eb44d\" data-element_type=\"column\">\n\t\t\t<div class=\"elementor-widget-wrap elementor-element-populated\">\n\t\t\t\t\t\t\t\t<div class=\"elementor-element elementor-element-7bdba44 elementor-widget elementor-widget-sidebar\" data-id=\"7bdba44\" data-element_type=\"widget\" data-widget_type=\"sidebar.default\">\n\t\t\t\t<div class=\"elementor-widget-container\">\n\t\t\t<div class=\"blogar_categories-2 widget-sidebar widget widget_blogar_categories widgets-sidebar\">                        <!-- Start Single Widget  -->\r\n                        <\/ul>\r\n             <!-- End Single Widget  -->\r\n                        <\/div>\r\n            <div class=\"search-4 widget-sidebar widget widget_search widgets-sidebar\"><div class=\"widget-title\"><h3>Search<\/h3><\/div><div class=\"inner\">\r\n    <form  id=\"search-1\"  action=\"https:\/\/www.vozgo.com\/blog\/\" method=\"GET\" class=\"blog-search\">\r\n        <div class=\"axil-search form-group\">\r\n            <button type=\"submit\" class=\"search-button\"><i class=\"fal fa-search\"><\/i><\/button>\r\n            <input type=\"text\"  name=\"s\"  placeholder=\"Search ...\" value=\"\"\/>\r\n        <\/div>\r\n    <\/form>\r\n<\/div><\/div><div class=\"blogar_recent_post-2 widget-sidebar widget widget_blogar_recent_post widgets-sidebar\"><div class=\"widget-title\"><h3>Recent on Blogar<\/h3><\/div>                    <div class=\"content-block post-medium mb--20\">\r\n                                                <div class=\"post-content\">\r\n                            <h6 class=\"title\"><a href=\"https:\/\/www.vozgo.com\/blog\/2021\/09\/07\/e-ticaret-nedir-nasil-yapilir\/\">E-T\u0130CARET NED\u0130R NASIL YAPILIR?<\/a><\/h6>\r\n                                                            <div class=\"post-meta\">\r\n                                    <ul class=\"post-meta-list\">\r\n                                                                                    <li>7 Eyl\u00fcl 2021<\/li>\r\n                                                                                                                                <li>7 min read<\/li>\r\n                                                                                                                        <\/ul>\r\n                                <\/div>\r\n                                                    <\/div>\r\n                    <\/div>\r\n                                    <div class=\"content-block post-medium mb--20\">\r\n                                                    <div class=\"post-thumbnail\">\r\n                                <a href=\"https:\/\/www.vozgo.com\/blog\/2021\/01\/24\/ipados-14-introduces-new-designed-specifically-for-ipad-2\/\"><img loading=\"lazy\" decoding=\"async\" width=\"150\" height=\"150\" src=\"https:\/\/www.vozgo.com\/blog\/wp-content\/uploads\/2021\/01\/gallery-post-03-150x150.jpg\" class=\"attachment-thumbnail size-thumbnail wp-post-image\" alt=\"gallery-post-03\" srcset=\"https:\/\/www.vozgo.com\/blog\/wp-content\/uploads\/2021\/01\/gallery-post-03-150x150.jpg 150w, https:\/\/www.vozgo.com\/blog\/wp-content\/uploads\/2021\/01\/gallery-post-03-300x300.jpg 300w, https:\/\/www.vozgo.com\/blog\/wp-content\/uploads\/2021\/01\/gallery-post-03-100x100.jpg 100w\" sizes=\"auto, (max-width: 150px) 100vw, 150px\" \/><\/a>\r\n                            <\/div>\r\n                                                <div class=\"post-content\">\r\n                            <h6 class=\"title\"><a href=\"https:\/\/www.vozgo.com\/blog\/2021\/01\/24\/ipados-14-introduces-new-designed-specifically-for-ipad-2\/\">iPadOS 14 introduces new designed specifically for <\/a><\/h6>\r\n                                                            <div class=\"post-meta\">\r\n                                    <ul class=\"post-meta-list\">\r\n                                                                                    <li>24 Ocak 2021<\/li>\r\n                                                                                                                                <li>4 min read<\/li>\r\n                                                                                                                        <\/ul>\r\n                                <\/div>\r\n                                                    <\/div>\r\n                    <\/div>\r\n                                    <div class=\"content-block post-medium mb--20\">\r\n                                                    <div class=\"post-thumbnail\">\r\n                                <a href=\"https:\/\/www.vozgo.com\/blog\/2021\/01\/24\/4-types-of-research-methods-all-designers-should-know-2\/\"><img loading=\"lazy\" decoding=\"async\" width=\"150\" height=\"150\" src=\"https:\/\/www.vozgo.com\/blog\/wp-content\/uploads\/2021\/01\/demo_image-41-150x150.jpg\" class=\"attachment-thumbnail size-thumbnail wp-post-image\" alt=\"demo_image-41\" srcset=\"https:\/\/www.vozgo.com\/blog\/wp-content\/uploads\/2021\/01\/demo_image-41-150x150.jpg 150w, https:\/\/www.vozgo.com\/blog\/wp-content\/uploads\/2021\/01\/demo_image-41-300x300.jpg 300w, https:\/\/www.vozgo.com\/blog\/wp-content\/uploads\/2021\/01\/demo_image-41-100x100.jpg 100w\" sizes=\"auto, (max-width: 150px) 100vw, 150px\" \/><\/a>\r\n                            <\/div>\r\n                                                <div class=\"post-content\">\r\n                            <h6 class=\"title\"><a href=\"https:\/\/www.vozgo.com\/blog\/2021\/01\/24\/4-types-of-research-methods-all-designers-should-know-2\/\">4 types of research methods all designers <\/a><\/h6>\r\n                                                            <div class=\"post-meta\">\r\n                                    <ul class=\"post-meta-list\">\r\n                                                                                    <li>24 Ocak 2021<\/li>\r\n                                                                                                                                <li>4 min read<\/li>\r\n                                                                                                                        <\/ul>\r\n                                <\/div>\r\n                                                    <\/div>\r\n                    <\/div>\r\n                            <\/div>            \r\n            <div class=\"blobar_social_widget-2 widget-sidebar widget blobar_social_widget widgets-sidebar\"><div class=\"widget-title\"><h3>Stay In Touch<\/h3><\/div>            <ul class=\"social-icon md-size justify-content-center\">\r\n                                    <li>\r\n                        <a href=\"#\">\r\n                            <i class=\"fab fa-facebook-f\"><\/i>\r\n                        <\/a>\r\n                    <\/li>\r\n                                                    <li>\r\n                        <a href=\"#\">\r\n                            <i class=\"fab fa-twitter\"><\/i>\r\n                        <\/a>\r\n                    <\/li>\r\n                                                    <li>\r\n                        <a href=\"#\">\r\n                            <i class=\"fab fa-instagram\"><\/i>\r\n                        <\/a>\r\n                    <\/li>\r\n                                                    <li>\r\n                        <a href=\"#\">\r\n                            <i class=\"fab fa-pinterest\"><\/i>\r\n                        <\/a>\r\n                    <\/li>\r\n                                                    <li>\r\n                        <a href=\"#\">\r\n                            <i class=\"fab fa-linkedin-in\"><\/i>\r\n                        <\/a>\r\n                    <\/li>\r\n                                            <\/ul>\r\n        <\/div><div class=\"media_gallery-2 widget-sidebar widget widget_media_gallery widgets-sidebar\"><div class=\"widget-title\"><h3>Gallery<\/h3><\/div><div id='gallery-1' class='gallery galleryid-659 gallery-columns-3 gallery-size-thumbnail'><figure class='gallery-item'>\n\t\t\t<div class='gallery-icon landscape'>\n\t\t\t\t<img loading=\"lazy\" decoding=\"async\" width=\"150\" height=\"150\" src=\"https:\/\/www.vozgo.com\/blog\/wp-content\/uploads\/2021\/01\/demo_image-26-150x150.jpg\" class=\"attachment-thumbnail size-thumbnail\" alt=\"demo_image-26\" srcset=\"https:\/\/www.vozgo.com\/blog\/wp-content\/uploads\/2021\/01\/demo_image-26-150x150.jpg 150w, https:\/\/www.vozgo.com\/blog\/wp-content\/uploads\/2021\/01\/demo_image-26-300x300.jpg 300w, https:\/\/www.vozgo.com\/blog\/wp-content\/uploads\/2021\/01\/demo_image-26-100x100.jpg 100w\" sizes=\"auto, (max-width: 150px) 100vw, 150px\" \/>\n\t\t\t<\/div><\/figure><figure class='gallery-item'>\n\t\t\t<div class='gallery-icon landscape'>\n\t\t\t\t<img loading=\"lazy\" decoding=\"async\" width=\"150\" height=\"150\" src=\"https:\/\/www.vozgo.com\/blog\/wp-content\/uploads\/2021\/01\/post-column-01-13-150x150.jpg\" class=\"attachment-thumbnail size-thumbnail\" alt=\"post-column-01-13\" srcset=\"https:\/\/www.vozgo.com\/blog\/wp-content\/uploads\/2021\/01\/post-column-01-13-150x150.jpg 150w, https:\/\/www.vozgo.com\/blog\/wp-content\/uploads\/2021\/01\/post-column-01-13-300x300.jpg 300w, https:\/\/www.vozgo.com\/blog\/wp-content\/uploads\/2021\/01\/post-column-01-13-100x100.jpg 100w, https:\/\/www.vozgo.com\/blog\/wp-content\/uploads\/2021\/01\/post-column-01-13-600x600.jpg 600w, https:\/\/www.vozgo.com\/blog\/wp-content\/uploads\/2021\/01\/post-column-01-13-1024x1024.jpg 1024w, https:\/\/www.vozgo.com\/blog\/wp-content\/uploads\/2021\/01\/post-column-01-13-768x768.jpg 768w, https:\/\/www.vozgo.com\/blog\/wp-content\/uploads\/2021\/01\/post-column-01-13-1536x1536.jpg 1536w, https:\/\/www.vozgo.com\/blog\/wp-content\/uploads\/2021\/01\/post-column-01-13.jpg 1920w\" sizes=\"auto, (max-width: 150px) 100vw, 150px\" \/>\n\t\t\t<\/div><\/figure><figure class='gallery-item'>\n\t\t\t<div class='gallery-icon landscape'>\n\t\t\t\t<img loading=\"lazy\" decoding=\"async\" width=\"150\" height=\"150\" src=\"https:\/\/www.vozgo.com\/blog\/wp-content\/uploads\/2021\/01\/demo_image-6-150x150.jpg\" class=\"attachment-thumbnail size-thumbnail\" alt=\"demo_image-6\" srcset=\"https:\/\/www.vozgo.com\/blog\/wp-content\/uploads\/2021\/01\/demo_image-6-150x150.jpg 150w, https:\/\/www.vozgo.com\/blog\/wp-content\/uploads\/2021\/01\/demo_image-6-300x300.jpg 300w, https:\/\/www.vozgo.com\/blog\/wp-content\/uploads\/2021\/01\/demo_image-6-100x100.jpg 100w\" sizes=\"auto, (max-width: 150px) 100vw, 150px\" \/>\n\t\t\t<\/div><\/figure><figure class='gallery-item'>\n\t\t\t<div class='gallery-icon landscape'>\n\t\t\t\t<img loading=\"lazy\" decoding=\"async\" width=\"150\" height=\"150\" src=\"https:\/\/www.vozgo.com\/blog\/wp-content\/uploads\/2021\/01\/demo_image-38-1-150x150.jpg\" class=\"attachment-thumbnail size-thumbnail\" alt=\"demo_image-38\" srcset=\"https:\/\/www.vozgo.com\/blog\/wp-content\/uploads\/2021\/01\/demo_image-38-1-150x150.jpg 150w, https:\/\/www.vozgo.com\/blog\/wp-content\/uploads\/2021\/01\/demo_image-38-1-300x300.jpg 300w, https:\/\/www.vozgo.com\/blog\/wp-content\/uploads\/2021\/01\/demo_image-38-1-100x100.jpg 100w\" sizes=\"auto, (max-width: 150px) 100vw, 150px\" \/>\n\t\t\t<\/div><\/figure><figure class='gallery-item'>\n\t\t\t<div class='gallery-icon landscape'>\n\t\t\t\t<img loading=\"lazy\" decoding=\"async\" width=\"150\" height=\"150\" src=\"https:\/\/www.vozgo.com\/blog\/wp-content\/uploads\/2021\/01\/post-column-01-4-150x150.jpg\" class=\"attachment-thumbnail size-thumbnail\" alt=\"post-column-01-4\" srcset=\"https:\/\/www.vozgo.com\/blog\/wp-content\/uploads\/2021\/01\/post-column-01-4-150x150.jpg 150w, https:\/\/www.vozgo.com\/blog\/wp-content\/uploads\/2021\/01\/post-column-01-4-300x300.jpg 300w, https:\/\/www.vozgo.com\/blog\/wp-content\/uploads\/2021\/01\/post-column-01-4-100x100.jpg 100w\" sizes=\"auto, (max-width: 150px) 100vw, 150px\" \/>\n\t\t\t<\/div><\/figure><figure class='gallery-item'>\n\t\t\t<div class='gallery-icon landscape'>\n\t\t\t\t<img loading=\"lazy\" decoding=\"async\" width=\"150\" height=\"150\" src=\"https:\/\/www.vozgo.com\/blog\/wp-content\/uploads\/2021\/01\/post-column-01-6-150x150.jpg\" class=\"attachment-thumbnail size-thumbnail\" alt=\"post-column-01-6\" srcset=\"https:\/\/www.vozgo.com\/blog\/wp-content\/uploads\/2021\/01\/post-column-01-6-150x150.jpg 150w, https:\/\/www.vozgo.com\/blog\/wp-content\/uploads\/2021\/01\/post-column-01-6-300x300.jpg 300w, https:\/\/www.vozgo.com\/blog\/wp-content\/uploads\/2021\/01\/post-column-01-6-100x100.jpg 100w\" sizes=\"auto, (max-width: 150px) 100vw, 150px\" \/>\n\t\t\t<\/div><\/figure>\n\t\t<\/div>\n<\/div>\t\t<\/div>\n\t\t\t\t<\/div>\n\t\t\t\t\t<\/div>\n\t\t<\/div>\n\t\t\t\t\t\t\t<\/div>\n\t\t<\/section>\n\t\t\t\t\t\t<\/div>\n\t\t\t\t\t<\/div>\n\t\t","protected":false},"excerpt":{"rendered":"<p>Tasar\u0131m, Yaz\u0131l\u0131m ve Dijital Pazarlama VOZGO Bili\u015fim Hizmetleri A.\u015e. olarak bir kurulu\u015fun dijitale d\u00f6n\u00fc\u015f\u00fcm a\u015famas\u0131nda ihtiyac\u0131 olan t\u00fcm hizmet gruplar\u0131n\u0131 tek elden sunmay\u0131 ama\u00e7l\u0131yoruz. Alan\u0131nda deneyimli ve dinamik ekibimiz ile sizlerin talepleri i\u00e7in hizmet sunuyor ve firman\u0131z\u0131n dijital gereksinimlerini \u00e7\u00f6z\u00fcm odakl\u0131 ve d\u00fc\u015f\u00fck maliyetli \u015fekilde kar\u015f\u0131l\u0131yoruz.&nbsp;&nbsp; VOZGO, ba\u015fl\u0131ca \u015fu hizmetleri vermektedir. Tasar\u0131m; Kurumsal kimlik tasar\u0131m\u0131, [&hellip;]<\/p>\n","protected":false},"author":1,"featured_media":386,"parent":0,"menu_order":0,"comment_status":"closed","ping_status":"closed","template":"elementor_header_footer","meta":{"footnotes":""},"class_list":["post-401","page","type-page","status-publish","has-post-thumbnail","hentry"],"_links":{"self":[{"href":"https:\/\/www.vozgo.com\/blog\/wp-json\/wp\/v2\/pages\/401","targetHints":{"allow":["GET"]}}],"collection":[{"href":"https:\/\/www.vozgo.com\/blog\/wp-json\/wp\/v2\/pages"}],"about":[{"href":"https:\/\/www.vozgo.com\/blog\/wp-json\/wp\/v2\/types\/page"}],"author":[{"embeddable":true,"href":"https:\/\/www.vozgo.com\/blog\/wp-json\/wp\/v2\/users\/1"}],"replies":[{"embeddable":true,"href":"https:\/\/www.vozgo.com\/blog\/wp-json\/wp\/v2\/comments?post=401"}],"version-history":[{"count":31,"href":"https:\/\/www.vozgo.com\/blog\/wp-json\/wp\/v2\/pages\/401\/revisions"}],"predecessor-version":[{"id":1174,"href":"https:\/\/www.vozgo.com\/blog\/wp-json\/wp\/v2\/pages\/401\/revisions\/1174"}],"wp:featuredmedia":[{"embeddable":true,"href":"https:\/\/www.vozgo.com\/blog\/wp-json\/wp\/v2\/media\/386"}],"wp:attachment":[{"href":"https:\/\/www.vozgo.com\/blog\/wp-json\/wp\/v2\/media?parent=401"}],"curies":[{"name":"wp","href":"https:\/\/api.w.org\/{rel}","templated":true}]}}